{"id":4874,"date":"2023-08-01T12:22:17","date_gmt":"2023-08-01T12:22:17","guid":{"rendered":"https:\/\/demo.cmssuperheroes.com\/themeforest\/solatec\/?page_id=4874"},"modified":"2025-04-17T07:48:38","modified_gmt":"2025-04-17T07:48:38","slug":"mentions_legales","status":"publish","type":"page","link":"https:\/\/apalmw.com\/en\/mentions_legales\/","title":{"rendered":"Mentions l\u00e9gales"},"content":{"rendered":"<div data-elementor-type=\"wp-page\" data-elementor-id=\"4874\" class=\"elementor elementor-4874\" data-elementor-post-type=\"page\">\n\t\t\t\t        <section class=\"elementor-section elementor-top-section elementor-element elementor-element-4882b798 elementor-section-boxed elementor-section-height-default elementor-section-height-default cms-boxed-bg-false\" data-id=\"4882b798\" data-element_type=\"section\" data-e-type=\"section\">\r\n\t\t\r\n\t\t<div class=\"cms-section-boxed-bg\"><\/div>        <div class=\"elementor-container elementor-column-gap-default\" >\r\n\t\t        <div class=\"elementor-column elementor-col-100 elementor-top-column elementor-element elementor-element-72e30e51\" data-id=\"72e30e51\" data-element_type=\"column\" data-e-type=\"column\">\r\n            <div class=\"elementor-widget-wrap elementor-element-populated\">\r\n                \t\t<div class=\"elementor-element elementor-element-559e11fe elementor-widget elementor-widget-text-editor\" data-id=\"559e11fe\" data-element_type=\"widget\" data-e-type=\"widget\" data-widget_type=\"text-editor.default\">\n\t\t\t\t<div class=\"elementor-widget-container\">\n\t\t\t\t\t\t\t\t\t<p><b>APAL MW<\/b><\/p>\n<p><!-- \/wp:paragraph --><!-- wp:paragraph --><!-- \/wp:paragraph --><!-- wp:paragraph --><\/p>\n<p>SARL au capital de 1 540 000 \u20ac &#8211; RCS Nancy 824 972 772\u00a0 &#8211; SIRET : 82497277200027<\/p>\n<p><strong>Si\u00e8ge social<\/strong><\/p>\n<p>16 bis, avenue Foch &#8211; 54270 Essey-Les-Nancy<\/p>\n<p><a href=\"mailto:contact@apalmw.com\">Email: contact@apalmw.com<\/a><\/p>\n<p>+33 9 81 75 55 18<\/p>\n<p><!-- \/wp:paragraph --><\/p>\t\t\t\t\t\t\t\t<\/div>\n\t\t\t\t<\/div>\n\t\t\t\t<div class=\"elementor-element elementor-element-be93214 elementor-widget elementor-widget-text-editor\" data-id=\"be93214\" data-element_type=\"widget\" data-e-type=\"widget\" data-widget_type=\"text-editor.default\">\n\t\t\t\t<div class=\"elementor-widget-container\">\n\t\t\t\t\t\t\t\t\t<div class=\"col empty-none\">\u00a0<\/div>\n<div><strong>Direction de la publication<\/strong><strong>:<\/strong><\/div>\n<div>Antoine Pedersoli, Antoine Leclerc, directeurs de APAL MW<\/div>\n<div>\u00a0<\/div>\n<div>\n<p><strong>H\u00e9bergement:<\/strong><\/p>\n<\/div>\n<p><strong>GoDaddy Europe<\/strong>\u00a0(https:\/\/www.godaddy.com\/fr-fr)<br \/><strong>Si\u00e8ge social :<\/strong>\u00a014455 N Hayden Rd Ste 226, Scottsdale, AZ 85260<br \/><strong>T\u00e9l\u00e9phone :<\/strong> +33 9 75 18 70 39<\/p>\n<div>\n<p><strong>Responsabilit\u00e9\u00a0:<\/strong><br \/>Nos pages ont \u00e9t\u00e9 pr\u00e9par\u00e9es avec la plus grande rigueur. Cependant, nous ne pouvons garantir l&#8217;exactitude des informations contenues. APAL MW d\u00e9cline toute responsabilit\u00e9 pour les dommages r\u00e9sultant directement ou indirectement de l&#8217;acc\u00e8s aux informations de ce site, notamment en cas de faute intentionnelle ou de n\u00e9gligence grave. Les informations contenues dans ce document sont sujettes \u00e0 modification sans pr\u00e9avis. Dans le cadre de nos informations, nous nous r\u00e9f\u00e9rons \u00e0 des liens vers des sources Internet de tiers, de lesquels nous nous dissocions express\u00e9ment et pour lesquels nous d\u00e9clinons toute responsabilit\u00e9. Cette d\u00e9claration s&#8217;applique \u00e0 tous les liens affich\u00e9s sur notre site Web et \u00e0 tout le contenu affich\u00e9 par les pages li\u00e9es aux banni\u00e8res et aux liens affich\u00e9s.<\/p>\n<p><strong>Art 36 de la loi sur les modes alternatifs de r\u00e9solution des conflits en mati\u00e8re de consommation:<\/strong><br \/>Nous ne sommes pas oblig\u00e9s de participer \u00e0 une proc\u00e9dure de r\u00e9solution des litiges devant les organes de conciliation de consommateurs et ne participons pas volontairement.<\/p>\n<p><strong>Copyright<\/strong><br \/>Le contenu et les photographies utilis\u00e9s sur nos pages, ainsi que la mise en page sont prot\u00e9g\u00e9s par le droit d\u2019auteur. Les noms de marque et les descriptions sont utilis\u00e9s sans garantir la libre utilisation.<\/p>\n<p><strong>Copyright \/images\/vid\u00e9os<\/strong><br \/>\u00a9 APAL MW \/ SUSI Partners<\/p>\n<\/div>\n<p><!-- \/wp:paragraph --><\/p>\t\t\t\t\t\t\t\t<\/div>\n\t\t\t\t<\/div>\n\t\t            <\/div>\r\n        <\/div>\r\n        \t\t\t<\/div>\r\n\t\t<\/section>\r\n\t\t\t\t<\/div>","protected":false},"excerpt":{"rendered":"<p>APAL MW SARL au capital de 1 540 000 \u20ac &#8211; RCS Nancy 824 972 772\u00a0 &#8211; SIRET : 82497277200027 &nbsp; Si\u00e8ge social 16 bis, avenue Foch &#8211; 54270 Essey-Les-Nancy Email:\u00a0contact@apalmw.com +33 9 81 75 55 18 Direction de la publication : Antoine Pedersoli, Antoine Leclerc, directeurs de APAL MW\u00a0 &nbsp; H\u00e9bergementGoDaddy Europe\u00a0(https:\/\/www.godaddy.com\/fr-fr)Si\u00e8ge social :\u00a014455 [&hellip;]<\/p>\n","protected":false},"author":1,"featured_media":7839,"parent":0,"menu_order":0,"comment_status":"closed","ping_status":"closed","template":"","meta":{"_coblocks_attr":"","_coblocks_dimensions":"","_coblocks_responsive_height":"","_coblocks_accordion_ie_support":"","footnotes":""},"class_list":["post-4874","page","type-page","status-publish","has-post-thumbnail","hentry","cms-has-post-thumbnail"],"yoast_head":"<!-- This site is optimized with the Yoast SEO plugin v27.5 - https:\/\/yoast.com\/product\/yoast-seo-wordpress\/ -->\n<title>Mentions l\u00e9gales - APAL MW<\/title>\n<meta name=\"description\" content=\"Consultez nos mentions l\u00e9gales pour en savoir plus sur nos conditions d&#039;utilisation, notre politique de confidentialit\u00e9 et nos obligations l\u00e9gales.\" \/>\n<meta name=\"robots\" content=\"index, follow, max-snippet:-1, max-image-preview:large, max-video-preview:-1\" \/>\n<link rel=\"canonical\" href=\"https:\/\/apalmw.com\/en\/mentions_legales\/\" \/>\n<meta property=\"og:locale\" content=\"en_US\" \/>\n<meta property=\"og:type\" content=\"article\" \/>\n<meta property=\"og:title\" content=\"Mentions l\u00e9gales - APAL MW\" \/>\n<meta property=\"og:description\" content=\"Consultez nos mentions l\u00e9gales pour en savoir plus sur nos conditions d&#039;utilisation, notre politique de confidentialit\u00e9 et nos obligations l\u00e9gales.\" \/>\n<meta property=\"og:url\" content=\"https:\/\/apalmw.com\/en\/mentions_legales\/\" \/>\n<meta property=\"og:site_name\" content=\"APAL MW\" \/>\n<meta property=\"article:modified_time\" content=\"2025-04-17T07:48:38+00:00\" \/>\n<meta property=\"og:image\" content=\"https:\/\/apalmw.com\/wp-content\/uploads\/2025\/04\/apal_mw_logo-1.webp\" \/>\n\t<meta property=\"og:image:width\" content=\"200\" \/>\n\t<meta property=\"og:image:height\" content=\"200\" \/>\n\t<meta property=\"og:image:type\" content=\"image\/webp\" \/>\n<meta name=\"twitter:card\" content=\"summary_large_image\" \/>\n<meta name=\"twitter:label1\" content=\"Est. reading time\" \/>\n\t<meta name=\"twitter:data1\" content=\"2 minutes\" \/>\n<script type=\"application\/ld+json\" class=\"yoast-schema-graph\">{\"@context\":\"https:\\\/\\\/schema.org\",\"@graph\":[{\"@type\":\"WebPage\",\"@id\":\"https:\\\/\\\/apalmw.com\\\/mentions_legales\\\/\",\"url\":\"https:\\\/\\\/apalmw.com\\\/mentions_legales\\\/\",\"name\":\"Mentions l\u00e9gales - APAL MW\",\"isPartOf\":{\"@id\":\"https:\\\/\\\/apalmw.com\\\/#website\"},\"primaryImageOfPage\":{\"@id\":\"https:\\\/\\\/apalmw.com\\\/mentions_legales\\\/#primaryimage\"},\"image\":{\"@id\":\"https:\\\/\\\/apalmw.com\\\/mentions_legales\\\/#primaryimage\"},\"thumbnailUrl\":\"https:\\\/\\\/apalmw.com\\\/wp-content\\\/uploads\\\/2025\\\/04\\\/apal_mw_logo-1.webp\",\"datePublished\":\"2023-08-01T12:22:17+00:00\",\"dateModified\":\"2025-04-17T07:48:38+00:00\",\"description\":\"Consultez nos mentions l\u00e9gales pour en savoir plus sur nos conditions d'utilisation, notre politique de confidentialit\u00e9 et nos obligations l\u00e9gales.\",\"breadcrumb\":{\"@id\":\"https:\\\/\\\/apalmw.com\\\/mentions_legales\\\/#breadcrumb\"},\"inLanguage\":\"en-US\",\"potentialAction\":[{\"@type\":\"ReadAction\",\"target\":[\"https:\\\/\\\/apalmw.com\\\/mentions_legales\\\/\"]}]},{\"@type\":\"ImageObject\",\"inLanguage\":\"en-US\",\"@id\":\"https:\\\/\\\/apalmw.com\\\/mentions_legales\\\/#primaryimage\",\"url\":\"https:\\\/\\\/apalmw.com\\\/wp-content\\\/uploads\\\/2025\\\/04\\\/apal_mw_logo-1.webp\",\"contentUrl\":\"https:\\\/\\\/apalmw.com\\\/wp-content\\\/uploads\\\/2025\\\/04\\\/apal_mw_logo-1.webp\",\"width\":200,\"height\":200,\"caption\":\"Logo de la soci\u00e9t\u00e9 APAL MW fond\u00e9e en 2023 par Antoine Leclerc et Antoine Pedersoli\"},{\"@type\":\"BreadcrumbList\",\"@id\":\"https:\\\/\\\/apalmw.com\\\/mentions_legales\\\/#breadcrumb\",\"itemListElement\":[{\"@type\":\"ListItem\",\"position\":1,\"name\":\"Accueil\",\"item\":\"https:\\\/\\\/apalmw.com\\\/\"},{\"@type\":\"ListItem\",\"position\":2,\"name\":\"Mentions l\u00e9gales\"}]},{\"@type\":\"WebSite\",\"@id\":\"https:\\\/\\\/apalmw.com\\\/#website\",\"url\":\"https:\\\/\\\/apalmw.com\\\/\",\"name\":\"APAL MW\",\"description\":\"Ensemble vers l&#039;\u00e9nergie de demain\",\"publisher\":{\"@id\":\"https:\\\/\\\/apalmw.com\\\/#organization\"},\"alternateName\":\"APAL\",\"potentialAction\":[{\"@type\":\"SearchAction\",\"target\":{\"@type\":\"EntryPoint\",\"urlTemplate\":\"https:\\\/\\\/apalmw.com\\\/?s={search_term_string}\"},\"query-input\":{\"@type\":\"PropertyValueSpecification\",\"valueRequired\":true,\"valueName\":\"search_term_string\"}}],\"inLanguage\":\"en-US\"},{\"@type\":\"Organization\",\"@id\":\"https:\\\/\\\/apalmw.com\\\/#organization\",\"name\":\"APAL MW\",\"alternateName\":\"APALMW\",\"url\":\"https:\\\/\\\/apalmw.com\\\/\",\"logo\":{\"@type\":\"ImageObject\",\"inLanguage\":\"en-US\",\"@id\":\"https:\\\/\\\/apalmw.com\\\/#\\\/schema\\\/logo\\\/image\\\/\",\"url\":\"\",\"contentUrl\":\"\",\"caption\":\"APAL MW\"},\"image\":{\"@id\":\"https:\\\/\\\/apalmw.com\\\/#\\\/schema\\\/logo\\\/image\\\/\"},\"sameAs\":[\"https:\\\/\\\/fr.linkedin.com\\\/company\\\/apal-mw\",\"https:\\\/\\\/www.youtube.com\\\/@APALMW\"]}]}<\/script>\n<!-- \/ Yoast SEO plugin. -->","yoast_head_json":{"title":"Mentions l\u00e9gales - APAL MW","description":"Consultez nos mentions l\u00e9gales pour en savoir plus sur nos conditions d'utilisation, notre politique de confidentialit\u00e9 et nos obligations l\u00e9gales.","robots":{"index":"index","follow":"follow","max-snippet":"max-snippet:-1","max-image-preview":"max-image-preview:large","max-video-preview":"max-video-preview:-1"},"canonical":"https:\/\/apalmw.com\/en\/mentions_legales\/","og_locale":"en_US","og_type":"article","og_title":"Mentions l\u00e9gales - APAL MW","og_description":"Consultez nos mentions l\u00e9gales pour en savoir plus sur nos conditions d'utilisation, notre politique de confidentialit\u00e9 et nos obligations l\u00e9gales.","og_url":"https:\/\/apalmw.com\/en\/mentions_legales\/","og_site_name":"APAL MW","article_modified_time":"2025-04-17T07:48:38+00:00","og_image":[{"width":200,"height":200,"url":"https:\/\/apalmw.com\/wp-content\/uploads\/2025\/04\/apal_mw_logo-1.webp","type":"image\/webp"}],"twitter_card":"summary_large_image","twitter_misc":{"Est. reading time":"2 minutes"},"schema":{"@context":"https:\/\/schema.org","@graph":[{"@type":"WebPage","@id":"https:\/\/apalmw.com\/mentions_legales\/","url":"https:\/\/apalmw.com\/mentions_legales\/","name":"Mentions l\u00e9gales - APAL MW","isPartOf":{"@id":"https:\/\/apalmw.com\/#website"},"primaryImageOfPage":{"@id":"https:\/\/apalmw.com\/mentions_legales\/#primaryimage"},"image":{"@id":"https:\/\/apalmw.com\/mentions_legales\/#primaryimage"},"thumbnailUrl":"https:\/\/apalmw.com\/wp-content\/uploads\/2025\/04\/apal_mw_logo-1.webp","datePublished":"2023-08-01T12:22:17+00:00","dateModified":"2025-04-17T07:48:38+00:00","description":"Consultez nos mentions l\u00e9gales pour en savoir plus sur nos conditions d'utilisation, notre politique de confidentialit\u00e9 et nos obligations l\u00e9gales.","breadcrumb":{"@id":"https:\/\/apalmw.com\/mentions_legales\/#breadcrumb"},"inLanguage":"en-US","potentialAction":[{"@type":"ReadAction","target":["https:\/\/apalmw.com\/mentions_legales\/"]}]},{"@type":"ImageObject","inLanguage":"en-US","@id":"https:\/\/apalmw.com\/mentions_legales\/#primaryimage","url":"https:\/\/apalmw.com\/wp-content\/uploads\/2025\/04\/apal_mw_logo-1.webp","contentUrl":"https:\/\/apalmw.com\/wp-content\/uploads\/2025\/04\/apal_mw_logo-1.webp","width":200,"height":200,"caption":"Logo de la soci\u00e9t\u00e9 APAL MW fond\u00e9e en 2023 par Antoine Leclerc et Antoine Pedersoli"},{"@type":"BreadcrumbList","@id":"https:\/\/apalmw.com\/mentions_legales\/#breadcrumb","itemListElement":[{"@type":"ListItem","position":1,"name":"Accueil","item":"https:\/\/apalmw.com\/"},{"@type":"ListItem","position":2,"name":"Mentions l\u00e9gales"}]},{"@type":"WebSite","@id":"https:\/\/apalmw.com\/#website","url":"https:\/\/apalmw.com\/","name":"APAL MW","description":"Ensemble vers l&#039;\u00e9nergie de demain","publisher":{"@id":"https:\/\/apalmw.com\/#organization"},"alternateName":"APAL","potentialAction":[{"@type":"SearchAction","target":{"@type":"EntryPoint","urlTemplate":"https:\/\/apalmw.com\/?s={search_term_string}"},"query-input":{"@type":"PropertyValueSpecification","valueRequired":true,"valueName":"search_term_string"}}],"inLanguage":"en-US"},{"@type":"Organization","@id":"https:\/\/apalmw.com\/#organization","name":"APAL MW","alternateName":"APALMW","url":"https:\/\/apalmw.com\/","logo":{"@type":"ImageObject","inLanguage":"en-US","@id":"https:\/\/apalmw.com\/#\/schema\/logo\/image\/","url":"","contentUrl":"","caption":"APAL MW"},"image":{"@id":"https:\/\/apalmw.com\/#\/schema\/logo\/image\/"},"sameAs":["https:\/\/fr.linkedin.com\/company\/apal-mw","https:\/\/www.youtube.com\/@APALMW"]}]}},"_links":{"self":[{"href":"https:\/\/apalmw.com\/en\/wp-json\/wp\/v2\/pages\/4874","targetHints":{"allow":["GET"]}}],"collection":[{"href":"https:\/\/apalmw.com\/en\/wp-json\/wp\/v2\/pages"}],"about":[{"href":"https:\/\/apalmw.com\/en\/wp-json\/wp\/v2\/types\/page"}],"author":[{"embeddable":true,"href":"https:\/\/apalmw.com\/en\/wp-json\/wp\/v2\/users\/1"}],"replies":[{"embeddable":true,"href":"https:\/\/apalmw.com\/en\/wp-json\/wp\/v2\/comments?post=4874"}],"version-history":[{"count":5,"href":"https:\/\/apalmw.com\/en\/wp-json\/wp\/v2\/pages\/4874\/revisions"}],"predecessor-version":[{"id":7937,"href":"https:\/\/apalmw.com\/en\/wp-json\/wp\/v2\/pages\/4874\/revisions\/7937"}],"wp:featuredmedia":[{"embeddable":true,"href":"https:\/\/apalmw.com\/en\/wp-json\/wp\/v2\/media\/7839"}],"wp:attachment":[{"href":"https:\/\/apalmw.com\/en\/wp-json\/wp\/v2\/media?parent=4874"}],"curies":[{"name":"wp","href":"https:\/\/api.w.org\/{rel}","templated":true}]}}