{"id":44,"date":"2020-12-08T09:31:07","date_gmt":"2020-12-08T09:31:07","guid":{"rendered":"https:\/\/demo.cmssuperheroes.com\/themeforest\/solatec\/?page_id=44"},"modified":"2025-07-08T09:23:13","modified_gmt":"2025-07-08T08:23:13","slug":"projets-enr","status":"publish","type":"page","link":"https:\/\/apalmw.com\/en\/projets-enr\/","title":{"rendered":"Projets EnR"},"content":{"rendered":"<div data-elementor-type=\"wp-page\" data-elementor-id=\"44\" class=\"elementor elementor-44\" data-elementor-post-type=\"page\">\n\t\t\t\t        <section class=\"elementor-section elementor-top-section elementor-element elementor-element-e69b6b9 elementor-section-boxed elementor-section-height-default elementor-section-height-default cms-boxed-bg-false\" data-id=\"e69b6b9\" data-element_type=\"section\" data-e-type=\"section\">\r\n\t\t\r\n\t\t<div class=\"cms-section-boxed-bg\"><\/div>        <div class=\"elementor-container elementor-column-gap-default\" >\r\n\t\t        <div class=\"elementor-column elementor-col-100 elementor-top-column elementor-element elementor-element-3924ec1\" data-id=\"3924ec1\" data-element_type=\"column\" data-e-type=\"column\">\r\n            <div class=\"elementor-widget-wrap elementor-element-populated\">\r\n                \t\t<div class=\"elementor-element elementor-element-aeef246 cms-locate-pointer-layout-1 elementor-widget elementor-widget-cms_locate_pointers\" data-id=\"aeef246\" data-element_type=\"widget\" data-e-type=\"widget\" data-widget_type=\"cms_locate_pointers.default\">\n\t\t\t\t<div class=\"elementor-widget-container\">\n\t\t\t\t\t<div class=\"cms-imagepointers-wrapper cms-imagepointers-layout1 text-center\">\r\n    <div class=\"inner-content d-inline-block\">\r\n                    <div class=\"img-bg rtl-flip\">\r\n                <img decoding=\"async\" src=\"https:\/\/apalmw.com\/wp-content\/uploads\/2025\/05\/CartedeFrance_mai2025.avif\" title=\"CartedeFrance_mai2025\" alt=\"CartedeFrance_mai2025\" loading=\"lazy\" \/>            <\/div>\r\n                            <div class=\"cms-imagepointers-list\">\r\n                                    <div id=\"5fdc7af\" class=\"item-pointer holder-right elementor-repeater-item-5fdc7af\">\r\n                        <div class=\"item--inner\">\r\n                            <div class=\"item--image relative\">\r\n                                                                <div class=\"cms-ripple locate-point size-22\">\r\n                                    <div class=\"cms-ripple-inner\"><\/div>\r\n                                <\/div>\r\n                            <\/div>\r\n                                                            <div class=\"item-holder text-start\">\r\n                                    <div class=\"inner-holder\">\r\n                                        <div class=\"row gutters-20\">\r\n                                            <div class=\"col-auto empty-none\">        <div class=\"cms-icon-wrap\" ><i aria-hidden=\"true\" class=\"cms-icon text-accent text-48 cmsi cmsi-wind-turbine\" style=\"\"><\/i><\/div>\r\n        <\/div>\r\n                                            <div class=\"col\">\r\n                                                <div class=\"item--number empty-none cms-heading font-400 text-35 mt-n10\">N\u00eemes<\/div>\r\n                                                <div class=\"item--excerpt empty-none font-700 text-16\"><p>APAL MW N\u00eemes<br \/>\n24, bd Victor Hugo<br \/>\n30000 NIMES<br \/>\n+33 7 72 25 79 75<\/p>\n<\/div>\r\n                                            <\/div>\r\n                                        <\/div>\r\n                                        \r\n                                    <\/div>\r\n                                <\/div>\r\n                                                   <\/div>\r\n                    <\/div>\r\n                                    <div id=\"6bbb03b\" class=\"item-pointer holder-right elementor-repeater-item-6bbb03b\">\r\n                        <div class=\"item--inner\">\r\n                            <div class=\"item--image relative\">\r\n                                                                <div class=\"cms-ripple locate-point size-22\">\r\n                                    <div class=\"cms-ripple-inner\"><\/div>\r\n                                <\/div>\r\n                            <\/div>\r\n                                                            <div class=\"item-holder text-start\">\r\n                                    <div class=\"inner-holder\">\r\n                                        <div class=\"row gutters-20\">\r\n                                            <div class=\"col-auto empty-none\">        <div class=\"cms-icon-wrap\" ><i aria-hidden=\"true\" class=\"cms-icon text-accent text-48 cmsi cmsi-wind-turbine\" style=\"\"><\/i><\/div>\r\n        <\/div>\r\n                                            <div class=\"col\">\r\n                                                <div class=\"item--number empty-none cms-heading font-400 text-35 mt-n10\">Nancy<\/div>\r\n                                                <div class=\"item--excerpt empty-none font-700 text-16\"><p>APAL MW Essey-Les-Nancy<br \/>\n16Bis, avenue Foch<br \/>\n54270 ESSEY-LES-NANCY<br \/>\n+33 9 81 75 55 18<\/p>\n<\/div>\r\n                                            <\/div>\r\n                                        <\/div>\r\n                                        \r\n                                    <\/div>\r\n                                <\/div>\r\n                                                   <\/div>\r\n                    <\/div>\r\n                                    <div id=\"888b150\" class=\"item-pointer holder-right elementor-repeater-item-888b150\">\r\n                        <div class=\"item--inner\">\r\n                            <div class=\"item--image relative\">\r\n                                                                <div class=\"cms-ripple locate-point size-22\">\r\n                                    <div class=\"cms-ripple-inner\"><\/div>\r\n                                <\/div>\r\n                            <\/div>\r\n                                                            <div class=\"item-holder text-start\">\r\n                                    <div class=\"inner-holder\">\r\n                                        <div class=\"row gutters-20\">\r\n                                            <div class=\"col-auto empty-none\">        <div class=\"cms-icon-wrap\" ><i aria-hidden=\"true\" class=\"cms-icon text-accent text-48 cmsi cmsi-wind-turbine\" style=\"\"><\/i><\/div>\r\n        <\/div>\r\n                                            <div class=\"col\">\r\n                                                <div class=\"item--number empty-none cms-heading font-400 text-35 mt-n10\">Dijon<\/div>\r\n                                                <div class=\"item--excerpt empty-none font-700 text-16\"><p>APAL MW Dijon<br \/>\n4, Imp. aux Charmes d'Asni\u00e8res<br \/>\n21000 DIJON<br \/>\n+33 6 62 30 16 86<\/p>\n<\/div>\r\n                                            <\/div>\r\n                                        <\/div>\r\n                                        \r\n                                    <\/div>\r\n                                <\/div>\r\n                                                   <\/div>\r\n                    <\/div>\r\n                                    <div id=\"9cd1cf7\" class=\"item-pointer holder-right elementor-repeater-item-9cd1cf7\">\r\n                        <div class=\"item--inner\">\r\n                            <div class=\"item--image relative\">\r\n                                                                <div class=\"cms-ripple locate-point size-22\">\r\n                                    <div class=\"cms-ripple-inner\"><\/div>\r\n                                <\/div>\r\n                            <\/div>\r\n                                                            <div class=\"item-holder text-start\">\r\n                                    <div class=\"inner-holder\">\r\n                                        <div class=\"row gutters-20\">\r\n                                            <div class=\"col-auto empty-none\">        <div class=\"cms-icon-wrap\" ><i aria-hidden=\"true\" class=\"cms-icon text-accent text-48 cmsi cmsi-wind-turbine\" style=\"\"><\/i><\/div>\r\n        <\/div>\r\n                                            <div class=\"col\">\r\n                                                <div class=\"item--number empty-none cms-heading font-400 text-35 mt-n10\">Rennes<\/div>\r\n                                                <div class=\"item--excerpt empty-none font-700 text-16\"><p>APAL MW Rennes<br \/>\n3 D, rue de Paris<br \/>\n35510 CESSON-SEVIGNE<br \/>\n+33 6 63 31 16 78<\/p>\n<\/div>\r\n                                            <\/div>\r\n                                        <\/div>\r\n                                        \r\n                                    <\/div>\r\n                                <\/div>\r\n                                                   <\/div>\r\n                    <\/div>\r\n                            <\/div>\r\n            <\/div>\r\n<\/div>\t\t\t\t<\/div>\n\t\t\t\t<\/div>\n\t\t            <\/div>\r\n        <\/div>\r\n        \t\t\t<\/div>\r\n\t\t<\/section>\r\n\t\t        <section class=\"elementor-section elementor-top-section elementor-element elementor-element-2ab4eed elementor-section-boxed elementor-section-height-default elementor-section-height-default cms-boxed-bg-false\" data-id=\"2ab4eed\" data-element_type=\"section\" data-e-type=\"section\">\r\n\t\t\r\n\t\t<div class=\"cms-section-boxed-bg\"><\/div>        <div class=\"elementor-container elementor-column-gap-default\" >\r\n\t\t        <div class=\"elementor-column elementor-col-33 elementor-top-column elementor-element elementor-element-0002de1\" data-id=\"0002de1\" data-element_type=\"column\" data-e-type=\"column\">\r\n            <div class=\"elementor-widget-wrap elementor-element-populated\">\r\n                \t\t<div class=\"elementor-element elementor-element-c8b853a elementor-widget elementor-widget-counter\" data-id=\"c8b853a\" data-element_type=\"widget\" data-e-type=\"widget\" data-widget_type=\"counter.default\">\n\t\t\t\t<div class=\"elementor-widget-container\">\n\t\t\t\t\t\t\t<div class=\"elementor-counter\">\n\t\t\t\t\t\t<div class=\"elementor-counter-number-wrapper\">\n\t\t\t\t<span class=\"elementor-counter-number-prefix\"><\/span>\n\t\t\t\t<span class=\"elementor-counter-number\" data-duration=\"2500\" data-to-value=\"30\" data-from-value=\"0\" data-delimiter=\",\">0<\/span>\n\t\t\t\t<span class=\"elementor-counter-number-suffix\"><\/span>\n\t\t\t<\/div>\n\t\t<\/div>\n\t\t\t\t\t\t<\/div>\n\t\t\t\t<\/div>\n\t\t\t\t<div class=\"elementor-element elementor-element-dd75250 cms-icon-box-icon-position-bottom cms-icon-box-layout-1 elementor-widget elementor-widget-cms_fancy_box\" data-id=\"dd75250\" data-element_type=\"widget\" data-e-type=\"widget\" data-widget_type=\"cms_fancy_box.default\">\n\t\t\t\t<div class=\"elementor-widget-container\">\n\t\t\t\t\t<div class=\"row text-center\">\r\n    <div class=\"col-12 order-last mt-20\">        <div class=\"cms-icon-wrap\" ><i aria-hidden=\"true\" class=\"cms-icon text-64 text-accent cmsi-hydro-power-2\" style=\"\"><\/i><\/div>\r\n        <\/div>\r\n    <div class=\"col\">\r\n        <div class=\"cms-heading text-18 text-rating\">Collaborateurs<\/div> \r\n            <\/div>\r\n<\/div>\r\n\t\t\t\t<\/div>\n\t\t\t\t<\/div>\n\t\t            <\/div>\r\n        <\/div>\r\n                <div class=\"elementor-column elementor-col-33 elementor-top-column elementor-element elementor-element-7a5833d\" data-id=\"7a5833d\" data-element_type=\"column\" data-e-type=\"column\">\r\n            <div class=\"elementor-widget-wrap elementor-element-populated\">\r\n                \t\t<div class=\"elementor-element elementor-element-6af477b elementor-widget elementor-widget-counter\" data-id=\"6af477b\" data-element_type=\"widget\" data-e-type=\"widget\" data-widget_type=\"counter.default\">\n\t\t\t\t<div class=\"elementor-widget-container\">\n\t\t\t\t\t\t\t<div class=\"elementor-counter\">\n\t\t\t\t\t\t<div class=\"elementor-counter-number-wrapper\">\n\t\t\t\t<span class=\"elementor-counter-number-prefix\"><\/span>\n\t\t\t\t<span class=\"elementor-counter-number\" data-duration=\"2500\" data-to-value=\"4\" data-from-value=\"0\" data-delimiter=\",\">0<\/span>\n\t\t\t\t<span class=\"elementor-counter-number-suffix\"> AGENCES<\/span>\n\t\t\t<\/div>\n\t\t<\/div>\n\t\t\t\t\t\t<\/div>\n\t\t\t\t<\/div>\n\t\t\t\t<div class=\"elementor-element elementor-element-ded3d5d cms-icon-box-icon-position-bottom cms-icon-box-layout-1 elementor-widget elementor-widget-cms_fancy_box\" data-id=\"ded3d5d\" data-element_type=\"widget\" data-e-type=\"widget\" data-widget_type=\"cms_fancy_box.default\">\n\t\t\t\t<div class=\"elementor-widget-container\">\n\t\t\t\t\t<div class=\"row text-center\">\r\n    <div class=\"col-12 order-last mt-20\">        <div class=\"cms-icon-wrap\" ><i aria-hidden=\"true\" class=\"cms-icon text-64 text-accent cmsi cmsi-location\" style=\"\"><\/i><\/div>\r\n        <\/div>\r\n    <div class=\"col\">\r\n        <div class=\"cms-heading text-18 text-rating\">Nancy | N\u00eemes | Rennes | Dijon<\/div> \r\n            <\/div>\r\n<\/div>\r\n\t\t\t\t<\/div>\n\t\t\t\t<\/div>\n\t\t            <\/div>\r\n        <\/div>\r\n                <div class=\"elementor-column elementor-col-33 elementor-top-column elementor-element elementor-element-a5865ee\" data-id=\"a5865ee\" data-element_type=\"column\" data-e-type=\"column\">\r\n            <div class=\"elementor-widget-wrap elementor-element-populated\">\r\n                \t\t<div class=\"elementor-element elementor-element-7998c93 elementor-widget elementor-widget-counter\" data-id=\"7998c93\" data-element_type=\"widget\" data-e-type=\"widget\" data-widget_type=\"counter.default\">\n\t\t\t\t<div class=\"elementor-widget-container\">\n\t\t\t\t\t\t\t<div class=\"elementor-counter\">\n\t\t\t\t\t\t<div class=\"elementor-counter-number-wrapper\">\n\t\t\t\t<span class=\"elementor-counter-number-prefix\">+<\/span>\n\t\t\t\t<span class=\"elementor-counter-number\" data-duration=\"2500\" data-to-value=\"800\" data-from-value=\"0\" data-delimiter=\",\">0<\/span>\n\t\t\t\t<span class=\"elementor-counter-number-suffix\">MW<\/span>\n\t\t\t<\/div>\n\t\t<\/div>\n\t\t\t\t\t\t<\/div>\n\t\t\t\t<\/div>\n\t\t\t\t<div class=\"elementor-element elementor-element-bafd90b cms-icon-box-icon-position-bottom cms-icon-box-layout-1 elementor-widget elementor-widget-cms_fancy_box\" data-id=\"bafd90b\" data-element_type=\"widget\" data-e-type=\"widget\" data-widget_type=\"cms_fancy_box.default\">\n\t\t\t\t<div class=\"elementor-widget-container\">\n\t\t\t\t\t<div class=\"row text-center\">\r\n    <div class=\"col-12 order-last mt-20\">        <div class=\"cms-icon-wrap\" ><i aria-hidden=\"true\" class=\"cms-icon text-64 text-accent cmsi cmsi-energy-1\" style=\"\"><\/i><\/div>\r\n        <\/div>\r\n    <div class=\"col\">\r\n        <div class=\"cms-heading text-18 text-rating\">en d\u00e9veloppement<\/div> \r\n            <\/div>\r\n<\/div>\r\n\t\t\t\t<\/div>\n\t\t\t\t<\/div>\n\t\t            <\/div>\r\n        <\/div>\r\n        \t\t\t<\/div>\r\n\t\t<\/section>\r\n\t\t\t\t<\/div>","protected":false},"excerpt":{"rendered":"<p>N\u00eemes APAL MW N\u00eemes 24, bd Victor Hugo 30000 NIMES +33 7 72 25 79 75 Nancy APAL MW Essey-Les-Nancy 16Bis, avenue Foch 54270 ESSEY-LES-NANCY +33 9 81 75 55 18 Dijon APAL MW Dijon 4, Imp. aux Charmes d&#8217;Asni\u00e8res 21000 DIJON +33 6 62 30 16 86 Rennes APAL MW Rennes 3 D, rue [&hellip;]<\/p>\n","protected":false},"author":1,"featured_media":0,"parent":0,"menu_order":13,"comment_status":"closed","ping_status":"closed","template":"","meta":{"_coblocks_attr":"","_coblocks_dimensions":"","_coblocks_responsive_height":"","_coblocks_accordion_ie_support":"","footnotes":""},"class_list":["post-44","page","type-page","status-publish","hentry","cms-has-post-thumbnail"],"yoast_head":"<!-- This site is optimized with the Yoast SEO plugin v27.5 - https:\/\/yoast.com\/product\/yoast-seo-wordpress\/ -->\n<title>Projets EnR - APAL MW<\/title>\n<meta name=\"description\" content=\"Suivez nos avanc\u00e9es et notre engagement envers la transition \u00e9nerg\u00e9tique. D\u00e9couvrez notre soci\u00e9t\u00e9 et nos projets innovants a venir.\" \/>\n<meta name=\"robots\" content=\"index, follow, max-snippet:-1, max-image-preview:large, max-video-preview:-1\" \/>\n<link rel=\"canonical\" href=\"https:\/\/apalmw.com\/en\/projets-enr\/\" \/>\n<meta property=\"og:locale\" content=\"en_US\" \/>\n<meta property=\"og:type\" content=\"article\" \/>\n<meta property=\"og:title\" content=\"Projets EnR - APAL MW\" \/>\n<meta property=\"og:description\" content=\"Suivez nos avanc\u00e9es et notre engagement envers la transition \u00e9nerg\u00e9tique. D\u00e9couvrez notre soci\u00e9t\u00e9 et nos projets innovants a venir.\" \/>\n<meta property=\"og:url\" content=\"https:\/\/apalmw.com\/en\/projets-enr\/\" \/>\n<meta property=\"og:site_name\" content=\"APAL MW\" \/>\n<meta property=\"article:modified_time\" content=\"2025-07-08T08:23:13+00:00\" \/>\n<meta property=\"og:image\" content=\"https:\/\/apalmw.com\/wp-content\/uploads\/2025\/05\/CartedeFrance_mai2025.avif\" \/>\n<meta name=\"twitter:card\" content=\"summary_large_image\" \/>\n<meta name=\"twitter:label1\" content=\"Est. reading time\" \/>\n\t<meta name=\"twitter:data1\" content=\"1 minute\" \/>\n<script type=\"application\/ld+json\" class=\"yoast-schema-graph\">{\"@context\":\"https:\\\/\\\/schema.org\",\"@graph\":[{\"@type\":\"WebPage\",\"@id\":\"https:\\\/\\\/apalmw.com\\\/projets-enr\\\/\",\"url\":\"https:\\\/\\\/apalmw.com\\\/projets-enr\\\/\",\"name\":\"Projets EnR - APAL MW\",\"isPartOf\":{\"@id\":\"https:\\\/\\\/apalmw.com\\\/#website\"},\"primaryImageOfPage\":{\"@id\":\"https:\\\/\\\/apalmw.com\\\/projets-enr\\\/#primaryimage\"},\"image\":{\"@id\":\"https:\\\/\\\/apalmw.com\\\/projets-enr\\\/#primaryimage\"},\"thumbnailUrl\":\"https:\\\/\\\/apalmw.com\\\/wp-content\\\/uploads\\\/2025\\\/05\\\/CartedeFrance_mai2025.avif\",\"datePublished\":\"2020-12-08T09:31:07+00:00\",\"dateModified\":\"2025-07-08T08:23:13+00:00\",\"description\":\"Suivez nos avanc\u00e9es et notre engagement envers la transition \u00e9nerg\u00e9tique. D\u00e9couvrez notre soci\u00e9t\u00e9 et nos projets innovants a venir.\",\"breadcrumb\":{\"@id\":\"https:\\\/\\\/apalmw.com\\\/projets-enr\\\/#breadcrumb\"},\"inLanguage\":\"en-US\",\"potentialAction\":[{\"@type\":\"ReadAction\",\"target\":[\"https:\\\/\\\/apalmw.com\\\/projets-enr\\\/\"]}]},{\"@type\":\"ImageObject\",\"inLanguage\":\"en-US\",\"@id\":\"https:\\\/\\\/apalmw.com\\\/projets-enr\\\/#primaryimage\",\"url\":\"https:\\\/\\\/apalmw.com\\\/wp-content\\\/uploads\\\/2025\\\/05\\\/CartedeFrance_mai2025.avif\",\"contentUrl\":\"https:\\\/\\\/apalmw.com\\\/wp-content\\\/uploads\\\/2025\\\/05\\\/CartedeFrance_mai2025.avif\"},{\"@type\":\"BreadcrumbList\",\"@id\":\"https:\\\/\\\/apalmw.com\\\/projets-enr\\\/#breadcrumb\",\"itemListElement\":[{\"@type\":\"ListItem\",\"position\":1,\"name\":\"Accueil\",\"item\":\"https:\\\/\\\/apalmw.com\\\/\"},{\"@type\":\"ListItem\",\"position\":2,\"name\":\"Projets EnR\"}]},{\"@type\":\"WebSite\",\"@id\":\"https:\\\/\\\/apalmw.com\\\/#website\",\"url\":\"https:\\\/\\\/apalmw.com\\\/\",\"name\":\"APAL MW\",\"description\":\"Ensemble vers l&#039;\u00e9nergie de demain\",\"publisher\":{\"@id\":\"https:\\\/\\\/apalmw.com\\\/#organization\"},\"alternateName\":\"APAL\",\"potentialAction\":[{\"@type\":\"SearchAction\",\"target\":{\"@type\":\"EntryPoint\",\"urlTemplate\":\"https:\\\/\\\/apalmw.com\\\/?s={search_term_string}\"},\"query-input\":{\"@type\":\"PropertyValueSpecification\",\"valueRequired\":true,\"valueName\":\"search_term_string\"}}],\"inLanguage\":\"en-US\"},{\"@type\":\"Organization\",\"@id\":\"https:\\\/\\\/apalmw.com\\\/#organization\",\"name\":\"APAL MW\",\"alternateName\":\"APALMW\",\"url\":\"https:\\\/\\\/apalmw.com\\\/\",\"logo\":{\"@type\":\"ImageObject\",\"inLanguage\":\"en-US\",\"@id\":\"https:\\\/\\\/apalmw.com\\\/#\\\/schema\\\/logo\\\/image\\\/\",\"url\":\"\",\"contentUrl\":\"\",\"caption\":\"APAL MW\"},\"image\":{\"@id\":\"https:\\\/\\\/apalmw.com\\\/#\\\/schema\\\/logo\\\/image\\\/\"},\"sameAs\":[\"https:\\\/\\\/fr.linkedin.com\\\/company\\\/apal-mw\",\"https:\\\/\\\/www.youtube.com\\\/@APALMW\"]}]}<\/script>\n<!-- \/ Yoast SEO plugin. -->","yoast_head_json":{"title":"Projets EnR - APAL MW","description":"Suivez nos avanc\u00e9es et notre engagement envers la transition \u00e9nerg\u00e9tique. D\u00e9couvrez notre soci\u00e9t\u00e9 et nos projets innovants a venir.","robots":{"index":"index","follow":"follow","max-snippet":"max-snippet:-1","max-image-preview":"max-image-preview:large","max-video-preview":"max-video-preview:-1"},"canonical":"https:\/\/apalmw.com\/en\/projets-enr\/","og_locale":"en_US","og_type":"article","og_title":"Projets EnR - APAL MW","og_description":"Suivez nos avanc\u00e9es et notre engagement envers la transition \u00e9nerg\u00e9tique. D\u00e9couvrez notre soci\u00e9t\u00e9 et nos projets innovants a venir.","og_url":"https:\/\/apalmw.com\/en\/projets-enr\/","og_site_name":"APAL MW","article_modified_time":"2025-07-08T08:23:13+00:00","og_image":[{"url":"https:\/\/apalmw.com\/wp-content\/uploads\/2025\/05\/CartedeFrance_mai2025.avif","type":"","width":"","height":""}],"twitter_card":"summary_large_image","twitter_misc":{"Est. reading time":"1 minute"},"schema":{"@context":"https:\/\/schema.org","@graph":[{"@type":"WebPage","@id":"https:\/\/apalmw.com\/projets-enr\/","url":"https:\/\/apalmw.com\/projets-enr\/","name":"Projets EnR - APAL MW","isPartOf":{"@id":"https:\/\/apalmw.com\/#website"},"primaryImageOfPage":{"@id":"https:\/\/apalmw.com\/projets-enr\/#primaryimage"},"image":{"@id":"https:\/\/apalmw.com\/projets-enr\/#primaryimage"},"thumbnailUrl":"https:\/\/apalmw.com\/wp-content\/uploads\/2025\/05\/CartedeFrance_mai2025.avif","datePublished":"2020-12-08T09:31:07+00:00","dateModified":"2025-07-08T08:23:13+00:00","description":"Suivez nos avanc\u00e9es et notre engagement envers la transition \u00e9nerg\u00e9tique. D\u00e9couvrez notre soci\u00e9t\u00e9 et nos projets innovants a venir.","breadcrumb":{"@id":"https:\/\/apalmw.com\/projets-enr\/#breadcrumb"},"inLanguage":"en-US","potentialAction":[{"@type":"ReadAction","target":["https:\/\/apalmw.com\/projets-enr\/"]}]},{"@type":"ImageObject","inLanguage":"en-US","@id":"https:\/\/apalmw.com\/projets-enr\/#primaryimage","url":"https:\/\/apalmw.com\/wp-content\/uploads\/2025\/05\/CartedeFrance_mai2025.avif","contentUrl":"https:\/\/apalmw.com\/wp-content\/uploads\/2025\/05\/CartedeFrance_mai2025.avif"},{"@type":"BreadcrumbList","@id":"https:\/\/apalmw.com\/projets-enr\/#breadcrumb","itemListElement":[{"@type":"ListItem","position":1,"name":"Accueil","item":"https:\/\/apalmw.com\/"},{"@type":"ListItem","position":2,"name":"Projets EnR"}]},{"@type":"WebSite","@id":"https:\/\/apalmw.com\/#website","url":"https:\/\/apalmw.com\/","name":"APAL MW","description":"Ensemble vers l&#039;\u00e9nergie de demain","publisher":{"@id":"https:\/\/apalmw.com\/#organization"},"alternateName":"APAL","potentialAction":[{"@type":"SearchAction","target":{"@type":"EntryPoint","urlTemplate":"https:\/\/apalmw.com\/?s={search_term_string}"},"query-input":{"@type":"PropertyValueSpecification","valueRequired":true,"valueName":"search_term_string"}}],"inLanguage":"en-US"},{"@type":"Organization","@id":"https:\/\/apalmw.com\/#organization","name":"APAL MW","alternateName":"APALMW","url":"https:\/\/apalmw.com\/","logo":{"@type":"ImageObject","inLanguage":"en-US","@id":"https:\/\/apalmw.com\/#\/schema\/logo\/image\/","url":"","contentUrl":"","caption":"APAL MW"},"image":{"@id":"https:\/\/apalmw.com\/#\/schema\/logo\/image\/"},"sameAs":["https:\/\/fr.linkedin.com\/company\/apal-mw","https:\/\/www.youtube.com\/@APALMW"]}]}},"_links":{"self":[{"href":"https:\/\/apalmw.com\/en\/wp-json\/wp\/v2\/pages\/44","targetHints":{"allow":["GET"]}}],"collection":[{"href":"https:\/\/apalmw.com\/en\/wp-json\/wp\/v2\/pages"}],"about":[{"href":"https:\/\/apalmw.com\/en\/wp-json\/wp\/v2\/types\/page"}],"author":[{"embeddable":true,"href":"https:\/\/apalmw.com\/en\/wp-json\/wp\/v2\/users\/1"}],"replies":[{"embeddable":true,"href":"https:\/\/apalmw.com\/en\/wp-json\/wp\/v2\/comments?post=44"}],"version-history":[{"count":5,"href":"https:\/\/apalmw.com\/en\/wp-json\/wp\/v2\/pages\/44\/revisions"}],"predecessor-version":[{"id":8751,"href":"https:\/\/apalmw.com\/en\/wp-json\/wp\/v2\/pages\/44\/revisions\/8751"}],"wp:attachment":[{"href":"https:\/\/apalmw.com\/en\/wp-json\/wp\/v2\/media?parent=44"}],"curies":[{"name":"wp","href":"https:\/\/api.w.org\/{rel}","templated":true}]}}